{"id":5,"date":"2015-12-05T13:49:19","date_gmt":"2015-12-05T12:49:19","guid":{"rendered":"http:\/\/deltaprint.rs\/\/?page_id=5"},"modified":"2021-10-06T23:23:06","modified_gmt":"2021-10-06T21:23:06","slug":"pocetna","status":"publish","type":"page","link":"https:\/\/deltaprint.rs\/","title":{"rendered":"Po\u010detna"},"content":{"rendered":"<div id=\"right2\">\n<h1>Svetle\u0107e reklame,3D Slova,reklamna galanterija&#8230;<\/h1>\n<div><strong>Stamparija DELTA print<\/strong>\u00a0od 2006. godine, kada je osnovana, pa do danas, ima za cilj konstantno podizanje nivoa kvaliteta svojih proizvoda i usluga. Permanentnom te\u017enjom da svi njeni klijenti, po pristupa\u010dnoj ceni i u dogovorenom roku, dobiju kvalitetno dizajniran i od\u0161tampan materijal,\u00a0<em>stamparija DELTA print\u00a0<\/em>je sebi izgradila sada\u0161nju poziciju na, poprili\u010dno zasi\u0107enom, grafi\u010dkom tr\u017ei\u0161tu Srbije. Veliki broj dugogodi\u0161njih klijenata, konkurentne cene, kratak rok isporuke, kvalitetan rad i dostava na \u017eeljenu adresu, na\u0161a su najbolja preporuka.<\/div>\n<div><\/div>\n<div>\n<div>Iz bogate ponude grafi\u010dkih usluga i proizvoda, koje nudi\u00a0<strong>stamparija DELTA print<\/strong>, izdvajamo:<strong><br \/>\n<\/strong><\/div>\n<ul>\n<li>\n<div><strong>sito stampa<\/strong>\u00a0na tekstilu (majice, polo majice, ka\u010dketi, kape, dukserice, jakne, prsluci, radna odela, torbe, kisobrani&#8230;), papiru (vizit karte, fascikle, nalepnice &#8230;) plastici (PVC kartice, PVC kese, ambala\u017ea, kutije, olovke, upalja\u010di &#8230;), drvetu (privesci, rokovnici, kutije&#8230;), metalu (razne plocice, privesci, olovke&#8230;), ko\u017ei (rokovnici, torbe, ko\u017eni setovi&#8230;)<\/div>\n<\/li>\n<li>\n<div><strong>tampon stampa<\/strong>\u00a0i mogu\u0107nost brendiranja reklamnog materijala (upalja\u010di, olovke, privesci, satovi, rokovnici&#8230;), stakla, keramike i drugih predmeta koji imaju neravne, oble ili zakrivljene povr\u0161ine.<\/div>\n<\/li>\n<li>\n<div><strong>ofset stampa<\/strong>\u00a0malih i velikih formata (vizit karte, memorandumi, bro\u0161ure, flajeri, katalozi, posteri, knjige, koverte, otpremnice, radni nalozi&#8230;)<\/div>\n<\/li>\n<li>\n<div><strong>digitalna stampa<\/strong>\u00a0kao brzo i ekonomi\u010dno re\u0161enje za male tira\u017ee, koja u potpunosti mo\u017ee zameniti ofset \u0161tampu do formata SRA3 (330&#215;488). Ova vrsta stampe omogu\u0107ava odli\u010dan kvalitet i kratak rok izrade. U mogu\u0107nosti smo da vam od\u0161tampamo potreban materijal u toku jednog dana.<\/div>\n<\/li>\n<li>\n<div><strong>isecanje PVC folija<\/strong>\u00a0koje slu\u017ee za ispisivanje izloga, reklama, banera, brendiranje automobila&#8230; kao i posebnih vrsta flok i flexo folija pogodnih za dekoraciju ili stampu tekstila.<\/div>\n<\/li>\n<\/ul>\n<div><strong>Stamparija DELTA print<\/strong>\u00a0iz svoje ponuda posebno izdvaja veliki asortiman\u00a0<strong>reklamnog materijala,\u00a0<\/strong>poslovnih i li\u010dnih poklona, sa \u0161tampom ili gravurom. Na vama je da odaberete \u017eeljeni proizvod iz na\u0161eg kataloga i po\u0161aljete nam podatke koji \u017eelite da budu od\u0161tampani. Mi \u0107emo vam poslati predlog izgleda od\u0161tampanog proizvoda i posle va\u0161eg odobrenja uraditi \u0161tampu. Po dogovoru, od\u0161tampane proizvode mo\u017eemo dostaviti ili poslati po\u0161tom na \u017eeljenu adresu.<\/div>\n<div><\/div>\n<div><\/div>\n<div><\/div>\n<div>\u0160tamparija DELTA print Vam nudi i izradu svetle\u0107ih reklama od aluminijumskih profila,plexiglasa&#8230;izradu 3D slova na kompijuterskoj ma\u0161ini-savija\u010dici sa velikim izborom boja kant trake.<\/div>\n<\/div>\n<\/div>\n","protected":false},"excerpt":{"rendered":"<p>Svetle\u0107e reklame,3D Slova,reklamna galanterija&#8230; Stamparija DELTA print\u00a0od 2006. godine, kada je osnovana, pa do danas, ima za cilj konstantno podizanje nivoa kvaliteta svojih proizvoda i usluga. Permanentnom te\u017enjom da svi njeni klijenti, po pristupa\u010dnoj ceni i u dogovorenom roku, dobiju kvalitetno dizajniran i od\u0161tampan materijal,\u00a0stamparija DELTA print\u00a0je sebi izgradila sada\u0161nju poziciju na, poprili\u010dno zasi\u0107enom, grafi\u010dkom <a class=\"more-link\" href=\"https:\/\/deltaprint.rs\/\">Read More &#8230;<\/a><\/p>\n","protected":false},"author":1,"featured_media":131,"parent":0,"menu_order":0,"comment_status":"closed","ping_status":"closed","template":"","meta":{"footnotes":""},"class_list":["post-5","page","type-page","status-publish","has-post-thumbnail","hentry"],"_links":{"self":[{"href":"https:\/\/deltaprint.rs\/index.php\/wp-json\/wp\/v2\/pages\/5","targetHints":{"allow":["GET"]}}],"collection":[{"href":"https:\/\/deltaprint.rs\/index.php\/wp-json\/wp\/v2\/pages"}],"about":[{"href":"https:\/\/deltaprint.rs\/index.php\/wp-json\/wp\/v2\/types\/page"}],"author":[{"embeddable":true,"href":"https:\/\/deltaprint.rs\/index.php\/wp-json\/wp\/v2\/users\/1"}],"replies":[{"embeddable":true,"href":"https:\/\/deltaprint.rs\/index.php\/wp-json\/wp\/v2\/comments?post=5"}],"version-history":[{"count":21,"href":"https:\/\/deltaprint.rs\/index.php\/wp-json\/wp\/v2\/pages\/5\/revisions"}],"predecessor-version":[{"id":732,"href":"https:\/\/deltaprint.rs\/index.php\/wp-json\/wp\/v2\/pages\/5\/revisions\/732"}],"wp:featuredmedia":[{"embeddable":true,"href":"https:\/\/deltaprint.rs\/index.php\/wp-json\/wp\/v2\/media\/131"}],"wp:attachment":[{"href":"https:\/\/deltaprint.rs\/index.php\/wp-json\/wp\/v2\/media?parent=5"}],"curies":[{"name":"wp","href":"https:\/\/api.w.org\/{rel}","templated":true}]}}