{"id":569,"date":"2016-04-11T00:18:33","date_gmt":"2016-04-10T22:18:33","guid":{"rendered":"http:\/\/deltaprint.rs\/?page_id=569"},"modified":"2021-02-12T00:46:17","modified_gmt":"2021-02-11T23:46:17","slug":"laserska-gravura","status":"publish","type":"page","link":"https:\/\/deltaprint.rs\/index.php\/laserska-gravura\/","title":{"rendered":"Laserska gravura"},"content":{"rendered":"<h2>JQ-9060 laser za graviranje, se\u010denje i prosecanje<\/h2>\n<p>snaga 100 W veli\u010dina radne povr\u0161ine 90x60cm<\/p>\n<p><img loading=\"lazy\" decoding=\"async\" class=\"aligncenter size-medium wp-image-570\" src=\"http:\/\/deltaprint.rs\/wp-content\/uploads\/2016\/04\/jq-9060-laser-plavi-1392986235-286x300.jpg\" alt=\"jq-9060-laser-plavi-1392986235\" width=\"286\" height=\"300\" srcset=\"https:\/\/deltaprint.rs\/wp-content\/uploads\/2016\/04\/jq-9060-laser-plavi-1392986235-286x300.jpg 286w, https:\/\/deltaprint.rs\/wp-content\/uploads\/2016\/04\/jq-9060-laser-plavi-1392986235.jpg 575w\" sizes=\"auto, (max-width: 286px) 100vw, 286px\" \/><\/p>\n","protected":false},"excerpt":{"rendered":"<p>JQ-9060 laser za graviranje, se\u010denje i prosecanje snaga 100 W veli\u010dina radne povr\u0161ine 90x60cm<\/p>\n","protected":false},"author":1,"featured_media":570,"parent":0,"menu_order":0,"comment_status":"closed","ping_status":"closed","template":"","meta":{"footnotes":""},"class_list":["post-569","page","type-page","status-publish","has-post-thumbnail","hentry"],"_links":{"self":[{"href":"https:\/\/deltaprint.rs\/index.php\/wp-json\/wp\/v2\/pages\/569","targetHints":{"allow":["GET"]}}],"collection":[{"href":"https:\/\/deltaprint.rs\/index.php\/wp-json\/wp\/v2\/pages"}],"about":[{"href":"https:\/\/deltaprint.rs\/index.php\/wp-json\/wp\/v2\/types\/page"}],"author":[{"embeddable":true,"href":"https:\/\/deltaprint.rs\/index.php\/wp-json\/wp\/v2\/users\/1"}],"replies":[{"embeddable":true,"href":"https:\/\/deltaprint.rs\/index.php\/wp-json\/wp\/v2\/comments?post=569"}],"version-history":[{"count":4,"href":"https:\/\/deltaprint.rs\/index.php\/wp-json\/wp\/v2\/pages\/569\/revisions"}],"predecessor-version":[{"id":650,"href":"https:\/\/deltaprint.rs\/index.php\/wp-json\/wp\/v2\/pages\/569\/revisions\/650"}],"wp:featuredmedia":[{"embeddable":true,"href":"https:\/\/deltaprint.rs\/index.php\/wp-json\/wp\/v2\/media\/570"}],"wp:attachment":[{"href":"https:\/\/deltaprint.rs\/index.php\/wp-json\/wp\/v2\/media?parent=569"}],"curies":[{"name":"wp","href":"https:\/\/api.w.org\/{rel}","templated":true}]}}